{"id":1043,"date":"2022-08-13T23:38:31","date_gmt":"2022-08-13T21:38:31","guid":{"rendered":"https:\/\/ranjana-voyance.fr\/?post_type=product&#038;p=1043"},"modified":"2022-08-13T23:41:46","modified_gmt":"2022-08-13T21:41:46","slug":"amulette-etudes","status":"publish","type":"product","link":"https:\/\/ranjana-voyance.fr\/index.php\/produit\/amulette-etudes\/","title":{"rendered":"Amulette Etudes"},"content":{"rendered":"<p>Amulette personnalis\u00e9e dans le domaine des \u00e9tudes.<\/p>\n","protected":false},"excerpt":{"rendered":"<p>Toutes les amulettes sont faites main et adapt\u00e9 \u00e0 votre besoin. Vous \u00eates invit\u00e9 \u00e0 laisser un message indiquant la nature exacte de ce qui vous pr\u00e9occupe et je me chargerai de trouver la pierre qui correspond le plus \u00e0 votre besoin.<\/p>\n","protected":false},"featured_media":11,"template":"","meta":{"site-sidebar-layout":"default","site-content-layout":"default","ast-site-content-layout":"","site-content-style":"default","site-sidebar-style":"default","ast-global-header-display":"","ast-banner-title-visibility":"","ast-main-header-display":"","ast-hfb-above-header-display":"","ast-hfb-below-header-display":"","ast-hfb-mobile-header-display":"","site-post-title":"","ast-breadcrumbs-content":"","ast-featured-img":"","footer-sml-layout":"","theme-transparent-header-meta":"default","adv-header-id-meta":"","stick-header-meta":"","header-above-stick-meta":"","header-main-stick-meta":"","header-below-stick-meta":"","astra-migrate-meta-layouts":"default","ast-page-background-enabled":"default","ast-page-background-meta":{"desktop":{"background-color":"var(--ast-global-color-4)","background-image":"","background-repeat":"repeat","background-position":"center center","background-size":"auto","background-attachment":"scroll","background-type":"","background-media":"","overlay-type":"","overlay-color":"","overlay-gradient":""},"tablet":{"background-color":"","background-image":"","background-repeat":"repeat","background-position":"center center","background-size":"auto","background-attachment":"scroll","background-type":"","background-media":"","overlay-type":"","overlay-color":"","overlay-gradient":""},"mobile":{"background-color":"","background-image":"","background-repeat":"repeat","background-position":"center center","background-size":"auto","background-attachment":"scroll","background-type":"","background-media":"","overlay-type":"","overlay-color":"","overlay-gradient":""}},"ast-content-background-meta":{"desktop":{"background-color":"var(--ast-global-color-5)","background-image":"","background-repeat":"repeat","background-position":"center center","background-size":"auto","background-attachment":"scroll","background-type":"","background-media":"","overlay-type":"","overlay-color":"","overlay-gradient":""},"tablet":{"background-color":"var(--ast-global-color-5)","background-image":"","background-repeat":"repeat","background-position":"center center","background-size":"auto","background-attachment":"scroll","background-type":"","background-media":"","overlay-type":"","overlay-color":"","overlay-gradient":""},"mobile":{"background-color":"var(--ast-global-color-5)","background-image":"","background-repeat":"repeat","background-position":"center center","background-size":"auto","background-attachment":"scroll","background-type":"","background-media":"","overlay-type":"","overlay-color":"","overlay-gradient":""}}},"product_cat":[51],"product_tag":[],"class_list":{"0":"post-1043","1":"product","2":"type-product","3":"status-publish","4":"has-post-thumbnail","6":"product_cat-amulettes","7":"desktop-align-left","8":"tablet-align-left","9":"mobile-align-left","11":"first","12":"instock","13":"featured","14":"shipping-taxable","15":"purchasable","16":"product-type-variable"},"aioseo_notices":[],"jetpack_sharing_enabled":true,"_links":{"self":[{"href":"https:\/\/ranjana-voyance.fr\/index.php\/wp-json\/wp\/v2\/product\/1043","targetHints":{"allow":["GET"]}}],"collection":[{"href":"https:\/\/ranjana-voyance.fr\/index.php\/wp-json\/wp\/v2\/product"}],"about":[{"href":"https:\/\/ranjana-voyance.fr\/index.php\/wp-json\/wp\/v2\/types\/product"}],"version-history":[{"count":1,"href":"https:\/\/ranjana-voyance.fr\/index.php\/wp-json\/wp\/v2\/product\/1043\/revisions"}],"predecessor-version":[{"id":1049,"href":"https:\/\/ranjana-voyance.fr\/index.php\/wp-json\/wp\/v2\/product\/1043\/revisions\/1049"}],"wp:featuredmedia":[{"embeddable":true,"href":"https:\/\/ranjana-voyance.fr\/index.php\/wp-json\/wp\/v2\/media\/11"}],"wp:attachment":[{"href":"https:\/\/ranjana-voyance.fr\/index.php\/wp-json\/wp\/v2\/media?parent=1043"}],"wp:term":[{"taxonomy":"product_cat","embeddable":true,"href":"https:\/\/ranjana-voyance.fr\/index.php\/wp-json\/wp\/v2\/product_cat?post=1043"},{"taxonomy":"product_tag","embeddable":true,"href":"https:\/\/ranjana-voyance.fr\/index.php\/wp-json\/wp\/v2\/product_tag?post=1043"}],"curies":[{"name":"wp","href":"https:\/\/api.w.org\/{rel}","templated":true}]}}