{"id":975,"date":"2022-08-09T19:15:50","date_gmt":"2022-08-09T17:15:50","guid":{"rendered":"https:\/\/ranjana-voyance.fr\/?page_id=975"},"modified":"2022-08-18T01:02:51","modified_gmt":"2022-08-17T23:02:51","slug":"qui-suis-je","status":"publish","type":"page","link":"https:\/\/ranjana-voyance.fr\/index.php\/qui-suis-je\/","title":{"rendered":"Qui suis-je ?"},"content":{"rendered":"\t\t<div data-elementor-type=\"wp-page\" data-elementor-id=\"975\" class=\"elementor elementor-975\">\n\t\t\t\t\t\t<section class=\"elementor-section elementor-top-section elementor-element elementor-element-4d5bf15 elementor-section-boxed elementor-section-height-default elementor-section-height-default\" data-id=\"4d5bf15\" data-element_type=\"section\" data-settings=\"{&quot;background_background&quot;:&quot;classic&quot;}\">\n\t\t\t\t\t\t<div class=\"elementor-container elementor-column-gap-default\">\n\t\t\t\t\t<div class=\"elementor-column elementor-col-16 elementor-top-column elementor-element elementor-element-9d3140f\" data-id=\"9d3140f\" data-element_type=\"column\">\n\t\t\t<div class=\"elementor-widget-wrap\">\n\t\t\t\t\t\t\t<\/div>\n\t\t<\/div>\n\t\t\t\t<div class=\"elementor-column elementor-col-66 elementor-top-column elementor-element elementor-element-e324a66\" data-id=\"e324a66\" data-element_type=\"column\">\n\t\t\t<div class=\"elementor-widget-wrap elementor-element-populated\">\n\t\t\t\t\t\t<div class=\"elementor-element elementor-element-94d342f elementor-widget elementor-widget-heading\" data-id=\"94d342f\" data-element_type=\"widget\" data-widget_type=\"heading.default\">\n\t\t\t\t<div class=\"elementor-widget-container\">\n\t\t\t<style>\/*! elementor - v3.20.0 - 26-03-2024 *\/\n.elementor-heading-title{padding:0;margin:0;line-height:1}.elementor-widget-heading .elementor-heading-title[class*=elementor-size-]>a{color:inherit;font-size:inherit;line-height:inherit}.elementor-widget-heading .elementor-heading-title.elementor-size-small{font-size:15px}.elementor-widget-heading .elementor-heading-title.elementor-size-medium{font-size:19px}.elementor-widget-heading .elementor-heading-title.elementor-size-large{font-size:29px}.elementor-widget-heading .elementor-heading-title.elementor-size-xl{font-size:39px}.elementor-widget-heading .elementor-heading-title.elementor-size-xxl{font-size:59px}<\/style><h2 class=\"elementor-heading-title elementor-size-default\">Qui suis-je ?<\/h2>\t\t<\/div>\n\t\t\t\t<\/div>\n\t\t\t\t<div class=\"elementor-element elementor-element-36a2d2f elementor-invisible elementor-widget elementor-widget-text-editor\" data-id=\"36a2d2f\" data-element_type=\"widget\" data-settings=\"{&quot;_animation&quot;:&quot;slideInUp&quot;}\" data-widget_type=\"text-editor.default\">\n\t\t\t\t<div class=\"elementor-widget-container\">\n\t\t\t<style>\/*! elementor - v3.20.0 - 26-03-2024 *\/\n.elementor-widget-text-editor.elementor-drop-cap-view-stacked .elementor-drop-cap{background-color:#69727d;color:#fff}.elementor-widget-text-editor.elementor-drop-cap-view-framed .elementor-drop-cap{color:#69727d;border:3px solid;background-color:transparent}.elementor-widget-text-editor:not(.elementor-drop-cap-view-default) .elementor-drop-cap{margin-top:8px}.elementor-widget-text-editor:not(.elementor-drop-cap-view-default) .elementor-drop-cap-letter{width:1em;height:1em}.elementor-widget-text-editor .elementor-drop-cap{float:left;text-align:center;line-height:1;font-size:50px}.elementor-widget-text-editor .elementor-drop-cap-letter{display:inline-block}<\/style>\t\t\t\t<p>Les cartes, et notamment celles du Tarot de Marseille en ce qui me concerne, peuvent se r\u00e9v\u00e9ler une v\u00e9ritable inspiration ; elles apparaissent comme les cailloux blancs du Petit Poucet et peuvent nous aider \u00e0 nous retrouver dans la for\u00eat obscure du monde et de notre inconscient.<\/p><p>J\u2019\u00e9tais moi-m\u00eame en proie au doute lorsque j\u2019ai fait la rencontre de mon premier jeu de Tarot. Il m\u2019a permis de reprendre confiance en moi, il m\u2019a rassur\u00e9 ou confort\u00e9 dans mes d\u00e9cisions, il a confirm\u00e9 certaines choses que j\u2019occultais. J\u2019ai appris \u00e0 accepter la d\u00e9sillusion et \u00e0 me redresser avec les \u00ab \u00e9nergies \u00bb du moment, les bons conseils que j\u2019ai pu trouver dans une <em>Papesse<\/em> indulgente et un<em> Pendu<\/em> m\u2019invitant \u00e0 prendre mon temps.<\/p><p>Depuis pr\u00e8s de cinq ans, je tente d\u2019en cerner le myst\u00e8re. Apr\u00e8s avoir propos\u00e9 un m\u00e9moire universitaire sur la symbolique des lames du Tarot dans la litt\u00e9rature du XXe si\u00e8cle, je travaille aujourd\u2019hui \u00e0 la r\u00e9alisation d\u2019une th\u00e8se m\u00ealant cet objet, son appr\u00e9hension par la litt\u00e9rature et son saisissement par les voies de la psychanalyse dans l\u2019objectif de comprendre les m\u00e9canismes psychiques en jeu.<\/p><p>Form\u00e9e en tarologie, passionn\u00e9e d\u2019\u00e9sot\u00e9risme, je suis certifi\u00e9e par l\u2019IPHM et poursuis mon apprentissage chaque jour afin de vous proposer des tirages de qualit\u00e9, vous permettant de trouver de v\u00e9ritables solutions pour avancer dans vos vies.<\/p><p>Je vous propose aujourd&#8217;hui un service \u00ab simplifi\u00e9 \u00bb de voyance, o\u00f9 vous choisissez votre tirage, posez votre question et recevez votre r\u00e9ponse directement dans votre bo\u00eete mail dans un d\u00e9lai de trois jours maximum. Pour cela, je n\u2019ai besoin que de votre nom, votre pr\u00e9nom et votre photo, n\u00e9cessaire pour me \u00ab connecter \u00bb \u00e0 vous (pensez d\u2019ailleurs \u00e0 ce que vos yeux soient bien visibles, ce sera plus \u00e9vident pour moi). Sachez que ces informations sont automatiquement supprim\u00e9es apr\u00e8s r\u00e9ception de votre tirage et que vos donn\u00e9es restent confidentielles.<\/p><p>Je tiens \u00e9galement \u00e0 souligner que je ne me substitue en aucun cas \u00e0 votre libre-arbitre mais vous \u00e9claire la voie, comme la lanterne que tient <em>L\u2019Hermite<\/em> dans sa nuit. Je serai ravie de pouvoir vous aider dans vos r\u00e9flexions, face \u00e0 vos inqui\u00e9tudes et pour surmonter les obstacles qui se pr\u00e9senteront sur votre chemin.<\/p><p>Au plaisir, chers consultants, de vous aider \u00e0 trouver <em>Le Soleil<\/em>.<\/p><p style=\"text-align: center;\"><strong>Ranjana, votre cartomancienne.<\/strong><\/p><p style=\"text-align: right;\">\u00a0<\/p>\t\t\t\t\t\t<\/div>\n\t\t\t\t<\/div>\n\t\t\t\t<div class=\"elementor-element elementor-element-108ffcb elementor-invisible elementor-widget elementor-widget-image\" data-id=\"108ffcb\" data-element_type=\"widget\" data-settings=\"{&quot;_animation&quot;:&quot;zoomIn&quot;}\" data-widget_type=\"image.default\">\n\t\t\t\t<div class=\"elementor-widget-container\">\n\t\t\t<style>\/*! elementor - v3.20.0 - 26-03-2024 *\/\n.elementor-widget-image{text-align:center}.elementor-widget-image a{display:inline-block}.elementor-widget-image a img[src$=\".svg\"]{width:48px}.elementor-widget-image img{vertical-align:middle;display:inline-block}<\/style>\t\t\t\t\t\t\t\t\t\t\t<a href=\"https:\/\/ranjana-voyance.fr\/\">\n\t\t\t\t\t\t\t<img decoding=\"async\" src=\"https:\/\/i0.wp.com\/ranjana-voyance.fr\/wp-content\/uploads\/2022\/08\/Qui-suis-je-scaled.jpg?fit=214%2C300&#038;ssl=1\" title=\"fbthdplite\" alt=\"fbthdplite\" class=\"elementor-animation-grow\" loading=\"lazy\" \/>\t\t\t\t\t\t\t\t<\/a>\n\t\t\t\t\t\t\t\t\t\t\t\t\t<\/div>\n\t\t\t\t<\/div>\n\t\t\t\t\t<\/div>\n\t\t<\/div>\n\t\t\t\t<div class=\"elementor-column elementor-col-16 elementor-top-column elementor-element elementor-element-18bd5ac\" data-id=\"18bd5ac\" data-element_type=\"column\">\n\t\t\t<div class=\"elementor-widget-wrap\">\n\t\t\t\t\t\t\t<\/div>\n\t\t<\/div>\n\t\t\t\t\t<\/div>\n\t\t<\/section>\n\t\t\t\t<section class=\"elementor-section elementor-top-section elementor-element elementor-element-e5c1513 elementor-section-boxed elementor-section-height-default elementor-section-height-default\" data-id=\"e5c1513\" data-element_type=\"section\">\n\t\t\t\t\t\t<div class=\"elementor-container elementor-column-gap-default\">\n\t\t\t\t\t<div class=\"elementor-column elementor-col-100 elementor-top-column elementor-element elementor-element-1551172\" data-id=\"1551172\" data-element_type=\"column\">\n\t\t\t<div class=\"elementor-widget-wrap elementor-element-populated\">\n\t\t\t\t\t\t<div class=\"elementor-element elementor-element-1be821e elementor-align-center elementor-invisible elementor-widget elementor-widget-button\" data-id=\"1be821e\" data-element_type=\"widget\" data-settings=\"{&quot;_animation&quot;:&quot;slideInUp&quot;}\" data-widget_type=\"button.default\">\n\t\t\t\t<div class=\"elementor-widget-container\">\n\t\t\t\t\t<div class=\"elementor-button-wrapper\">\n\t\t\t<a class=\"elementor-button elementor-button-link elementor-size-lg elementor-animation-grow\" href=\"https:\/\/ranjana-voyance.fr\/index.php\/categorie-produit\/tirages\/\">\n\t\t\t\t\t\t<span class=\"elementor-button-content-wrapper\">\n\t\t\t\t\t\t<span class=\"elementor-button-icon elementor-align-icon-left\">\n\t\t\t\t<i aria-hidden=\"true\" class=\"fas fa-magic\"><\/i>\t\t\t<\/span>\n\t\t\t\t\t\t<span class=\"elementor-button-text\">Demandez votre tirage<\/span>\n\t\t<\/span>\n\t\t\t\t\t<\/a>\n\t\t<\/div>\n\t\t\t\t<\/div>\n\t\t\t\t<\/div>\n\t\t\t\t\t<\/div>\n\t\t<\/div>\n\t\t\t\t\t<\/div>\n\t\t<\/section>\n\t\t\t\t<\/div>\n\t\t","protected":false},"excerpt":{"rendered":"<p>Qui suis-je ? Les cartes, et notamment celles du Tarot de Marseille en ce qui me concerne, peuvent se r\u00e9v\u00e9ler une v\u00e9ritable inspiration ; elles apparaissent comme les cailloux blancs du Petit Poucet et peuvent nous aider \u00e0 nous retrouver dans la for\u00eat obscure du monde et de notre inconscient. J\u2019\u00e9tais moi-m\u00eame en proie au [&hellip;]<\/p>\n","protected":false},"author":1,"featured_media":0,"parent":0,"menu_order":0,"comment_status":"closed","ping_status":"closed","template":"","meta":{"site-sidebar-layout":"no-sidebar","site-content-layout":"page-builder","ast-site-content-layout":"","site-content-style":"default","site-sidebar-style":"default","ast-global-header-display":"","ast-banner-title-visibility":"","ast-main-header-display":"","ast-hfb-above-header-display":"","ast-hfb-below-header-display":"","ast-hfb-mobile-header-display":"","site-post-title":"disabled","ast-breadcrumbs-content":"","ast-featured-img":"disabled","footer-sml-layout":"","theme-transparent-header-meta":"","adv-header-id-meta":"","stick-header-meta":"","header-above-stick-meta":"","header-main-stick-meta":"","header-below-stick-meta":"","astra-migrate-meta-layouts":"default","ast-page-background-enabled":"default","ast-page-background-meta":{"desktop":{"background-color":"var(--ast-global-color-4)","background-image":"","background-repeat":"repeat","background-position":"center center","background-size":"auto","background-attachment":"scroll","background-type":"","background-media":"","overlay-type":"","overlay-color":"","overlay-gradient":""},"tablet":{"background-color":"","background-image":"","background-repeat":"repeat","background-position":"center center","background-size":"auto","background-attachment":"scroll","background-type":"","background-media":"","overlay-type":"","overlay-color":"","overlay-gradient":""},"mobile":{"background-color":"","background-image":"","background-repeat":"repeat","background-position":"center center","background-size":"auto","background-attachment":"scroll","background-type":"","background-media":"","overlay-type":"","overlay-color":"","overlay-gradient":""}},"ast-content-background-meta":{"desktop":{"background-color":"var(--ast-global-color-5)","background-image":"","background-repeat":"repeat","background-position":"center center","background-size":"auto","background-attachment":"scroll","background-type":"","background-media":"","overlay-type":"","overlay-color":"","overlay-gradient":""},"tablet":{"background-color":"var(--ast-global-color-5)","background-image":"","background-repeat":"repeat","background-position":"center center","background-size":"auto","background-attachment":"scroll","background-type":"","background-media":"","overlay-type":"","overlay-color":"","overlay-gradient":""},"mobile":{"background-color":"var(--ast-global-color-5)","background-image":"","background-repeat":"repeat","background-position":"center center","background-size":"auto","background-attachment":"scroll","background-type":"","background-media":"","overlay-type":"","overlay-color":"","overlay-gradient":""}},"footnotes":""},"class_list":["post-975","page","type-page","status-publish","hentry"],"aioseo_notices":[],"jetpack_sharing_enabled":true,"_links":{"self":[{"href":"https:\/\/ranjana-voyance.fr\/index.php\/wp-json\/wp\/v2\/pages\/975","targetHints":{"allow":["GET"]}}],"collection":[{"href":"https:\/\/ranjana-voyance.fr\/index.php\/wp-json\/wp\/v2\/pages"}],"about":[{"href":"https:\/\/ranjana-voyance.fr\/index.php\/wp-json\/wp\/v2\/types\/page"}],"author":[{"embeddable":true,"href":"https:\/\/ranjana-voyance.fr\/index.php\/wp-json\/wp\/v2\/users\/1"}],"replies":[{"embeddable":true,"href":"https:\/\/ranjana-voyance.fr\/index.php\/wp-json\/wp\/v2\/comments?post=975"}],"version-history":[{"count":22,"href":"https:\/\/ranjana-voyance.fr\/index.php\/wp-json\/wp\/v2\/pages\/975\/revisions"}],"predecessor-version":[{"id":1333,"href":"https:\/\/ranjana-voyance.fr\/index.php\/wp-json\/wp\/v2\/pages\/975\/revisions\/1333"}],"wp:attachment":[{"href":"https:\/\/ranjana-voyance.fr\/index.php\/wp-json\/wp\/v2\/media?parent=975"}],"curies":[{"name":"wp","href":"https:\/\/api.w.org\/{rel}","templated":true}]}}