{"id":839,"date":"2022-08-04T19:33:50","date_gmt":"2022-08-04T17:33:50","guid":{"rendered":"https:\/\/ranjana-voyance.fr\/?page_id=839"},"modified":"2022-08-17T01:17:53","modified_gmt":"2022-08-16T23:17:53","slug":"conditions-generales-dutilisation","status":"publish","type":"page","link":"https:\/\/ranjana-voyance.fr\/index.php\/conditions-generales-dutilisation\/","title":{"rendered":"Conditions g\u00e9n\u00e9rales d&#8217;utilisation"},"content":{"rendered":"\t\t<div data-elementor-type=\"wp-page\" data-elementor-id=\"839\" class=\"elementor elementor-839\">\n\t\t\t\t\t\t<section class=\"elementor-section elementor-top-section elementor-element elementor-element-4df97b4 elementor-section-boxed elementor-section-height-default elementor-section-height-default\" data-id=\"4df97b4\" data-element_type=\"section\">\n\t\t\t\t\t\t<div class=\"elementor-container elementor-column-gap-default\">\n\t\t\t\t\t<div class=\"elementor-column elementor-col-100 elementor-top-column elementor-element elementor-element-be39b87\" data-id=\"be39b87\" data-element_type=\"column\">\n\t\t\t<div class=\"elementor-widget-wrap elementor-element-populated\">\n\t\t\t\t\t\t<div class=\"elementor-element elementor-element-91f1385 elementor-widget elementor-widget-heading\" data-id=\"91f1385\" data-element_type=\"widget\" data-widget_type=\"heading.default\">\n\t\t\t\t<div class=\"elementor-widget-container\">\n\t\t\t<style>\/*! elementor - v3.20.0 - 26-03-2024 *\/\n.elementor-heading-title{padding:0;margin:0;line-height:1}.elementor-widget-heading .elementor-heading-title[class*=elementor-size-]>a{color:inherit;font-size:inherit;line-height:inherit}.elementor-widget-heading .elementor-heading-title.elementor-size-small{font-size:15px}.elementor-widget-heading .elementor-heading-title.elementor-size-medium{font-size:19px}.elementor-widget-heading .elementor-heading-title.elementor-size-large{font-size:29px}.elementor-widget-heading .elementor-heading-title.elementor-size-xl{font-size:39px}.elementor-widget-heading .elementor-heading-title.elementor-size-xxl{font-size:59px}<\/style><h2 class=\"elementor-heading-title elementor-size-large\">Conditions G\u00e9n\u00e9rales d'Utilisation<\/h2>\t\t<\/div>\n\t\t\t\t<\/div>\n\t\t\t\t<div class=\"elementor-element elementor-element-edee3fa elementor-widget elementor-widget-text-editor\" data-id=\"edee3fa\" data-element_type=\"widget\" data-widget_type=\"text-editor.default\">\n\t\t\t\t<div class=\"elementor-widget-container\">\n\t\t\t<style>\/*! elementor - v3.20.0 - 26-03-2024 *\/\n.elementor-widget-text-editor.elementor-drop-cap-view-stacked .elementor-drop-cap{background-color:#69727d;color:#fff}.elementor-widget-text-editor.elementor-drop-cap-view-framed .elementor-drop-cap{color:#69727d;border:3px solid;background-color:transparent}.elementor-widget-text-editor:not(.elementor-drop-cap-view-default) .elementor-drop-cap{margin-top:8px}.elementor-widget-text-editor:not(.elementor-drop-cap-view-default) .elementor-drop-cap-letter{width:1em;height:1em}.elementor-widget-text-editor .elementor-drop-cap{float:left;text-align:center;line-height:1;font-size:50px}.elementor-widget-text-editor .elementor-drop-cap-letter{display:inline-block}<\/style>\t\t\t\t<p style=\"text-align: center;\"><strong>Toute navigation et utilisation du Site Ranjana Voyance implique l\u2019acceptation pr\u00e9alable des Conditions G\u00e9n\u00e9rales d\u2019Utilisation indiqu\u00e9es ci-apr\u00e8s.<\/strong><\/p><p style=\"text-align: justify;\">Ranjana Voyance est site web cr\u00e9e sur WordPress et h\u00e9berg\u00e9 par OVH, accessible \u00e0 l\u2019adresse suivante\u00a0: www.ranjana-voyance.fr<\/p><p style=\"text-align: justify;\">Micro-entreprise d\u00e9velopp\u00e9e par Ranjana Le P\u00e9choux et immatricul\u00e9e \u00ab\u00a0en cours d\u2019immatriculation\u00a0\u00bb, Ranjana Voyance commercialise des services de cartomancie et des produits (amulettes et articles).<\/p><p style=\"text-align: justify;\">Les pr\u00e9sentes conditions g\u00e9n\u00e9rales d\u2019utilisation sont applicables \u00e0 l\u2019ensemble du Site et \u00e0 toute commande de produits ou de services effectu\u00e9e par un Client \u00e0 Ranjana Voyance.<\/p><p style=\"text-align: justify;\"><strong>Article 1 \u2013 D\u00e9finitions<\/strong><\/p><ul style=\"text-align: justify;\"><li>Conditions G\u00e9n\u00e9rales d\u2019Utilisation (CGU)\u00a0: Les conditions contractuelles disponibles sur la page d\u2019accueil du Site afin d\u2019encadrer l\u2019utilisation de celui-ci par le Client ou Consultant.<\/li><li>Conditions G\u00e9n\u00e9rales de Vente (CGV)\u00a0: Les conditions contractuelles de ventes disponibles sur la page d\u2019accueil du Site afin d\u2019encadrer les commandes de produits (nomm\u00e9s \u00e9galement \u00ab\u00a0articles\u00a0\u00bb) ou de services, du Client.<\/li><li>Site\u00a0: La plateforme internet par laquelle le Client peut s\u2019informer et commander les articles et services propos\u00e9s par Ranjana Voyance.<\/li><li>Cookies\u00a0: fichier texte permettant l\u2019enregistrement d\u2019informations relatives \u00e0 la navigation du Visiteur sur le site.<\/li><li>Visiteur\u00a0: Toute personne navigant sur le Site.<\/li><li>Client, Consultant ou Utilisateur\u00a0: Toute personne navigant sur le Site et utilisant les services propos\u00e9s par Ranjana Voyance. Cette personne doit \u00eatre majeure ou repr\u00e9sent\u00e9e par une personne physique ayant statut de tuteur l\u00e9gal.<\/li><li>Article ou Produit\u00a0: Objet ou Article propos\u00e9 \u00e0 la vente sur le Site.<\/li><li>Service\u00a0: Prestation propos\u00e9e \u00e0 la vente sur le Site.<\/li><li>Compte\u00a0: d\u00e9signe le compte qui doit \u00eatre cr\u00e9\u00e9 pour pouvoir devenir Membre et acc\u00e9der \u00e0 certains services ou contenus propos\u00e9 par le Site.<\/li><li>Membre\u00a0: d\u00e9signe toute personne physique ayant cr\u00e9\u00e9 un compte sur le Site.<\/li><li>Abonn\u00e9\u00a0: Membre qui a acc\u00e8s \u00e0 des Services et des pages suppl\u00e9mentaires suite \u00e0 l\u2019achat d\u2019un Abonnement.<\/li><li>Abonnement\u00a0: Souscription d\u2019un Client \u00e0 Ranjana Voyance pour avoir acc\u00e8s \u00e0 la revue ArcaPh\u00e9 et b\u00e9n\u00e9ficier de tarifs pr\u00e9f\u00e9rentiels sur les tirages.<\/li><li>Identifiants : L\u2019adresse mail et le mot de passe choisis par le Client lors de la cr\u00e9ation d\u2019un Compte.<\/li><\/ul><p style=\"text-align: justify;\"><strong>Article 2 \u2013 Acceptation des conditions g\u00e9n\u00e9rales d\u2019utilisation<\/strong><\/p><p style=\"text-align: justify;\">Les pr\u00e9sentes conditions g\u00e9n\u00e9rales d\u2019utilisation d\u00e9finissent le cadre g\u00e9n\u00e9ral applicable aux Utilisateurs sur le Site. Toute utilisation du site <a href=\"http:\/\/www.ranjana-voyance.fr\">www.ranjana-voyance.fr<\/a> implique l\u2019acceptation de ces CGU.<\/p><p style=\"text-align: justify;\">Ainsi, tout Utilisateur s\u2019engage \u00e0 prendre connaissance des pr\u00e9sentes CGU lors de l\u2019acc\u00e8s au Site, et ce notamment avant de proc\u00e9der \u00e0 toute commande d\u2019Article ou de Service sur le Site. Les pr\u00e9sentes CGU se trouvent en bas de chaque page du Site de fa\u00e7on \u00e0 ce qu\u2019elles puissent \u00eatre consult\u00e9es \u00e0 tout moment.<\/p><p style=\"text-align: justify;\">Ranjana Voyance s\u2019assure qu\u2019elles soient port\u00e9es \u00e0 la connaissance de chacun par cette facilit\u00e9 d\u2019acc\u00e8s et en mettant en place une case \u00e0 cocher avant l\u2019acceptation de chaque commande.<\/p><p style=\"text-align: justify;\"><strong>Article 3 \u2013 Description du Service<\/strong><\/p><p style=\"text-align: justify;\">Ranjana Voyance est un Site permettant aux Utilisateurs d\u2019acheter des tirages de cartomancie envoy\u00e9s sous format PDF, de r\u00e9server des consultations de voyance de 15, 30 ou 45 minutes, d\u2019acheter des Produits et des Articles sous format PDF.<\/p><p style=\"text-align: justify;\">L\u2019Utilisateur se connecte au Site <a href=\"http:\/\/www.ranjana-voyance.fr\">www.ranjana-voyance.fr<\/a> par ses propres moyens (ordinateurs, smartphones, i-pad, tablettes ou autres). Il doit donc disposer d\u2019un acc\u00e8s au r\u00e9seau internet pour utiliser les services en ligne.<\/p><p style=\"text-align: justify;\"><strong>Article 4 \u2013 Cr\u00e9ation de Compte et service d\u2019Abonnement<\/strong><\/p><p style=\"text-align: justify;\">L\u2019Utilisateur peut \u00e0 tout moment se cr\u00e9er un Compte afin de b\u00e9n\u00e9ficier d\u2019avantages tarifaires sur les Services ou de contracter un Abonnement \u00e0 la revue ArcaPh\u00e9. Il peut \u00e9galement demander une suppression de son Compte en \u00e9crivant un message \u00e0 Ranjana Le P\u00e9choux via le formulaire de contact qui se trouve \u00e0 disposition au bas de chaque page du Site.<\/p><p style=\"text-align: justify;\">Si un Abonnement avait \u00e9t\u00e9 contract\u00e9 pour acc\u00e9der \u00e0 la revue, la demande de suppression du Compte n\u2019engendrera pas de remboursement. Seule la cr\u00e9ation d\u2019un Compte permet l\u2019acc\u00e8s aux Articles r\u00e9serv\u00e9s \u00e0 ceux qui ont un Abonnement.<\/p><p style=\"text-align: justify;\">L\u2019Utilisateur a le choix entre trois types d\u2019Abonnements : l\u2019Abonnement Bronze (d\u2019une dur\u00e9e de un mois (1)), l\u2019Abonnement Argent (d\u2019une dur\u00e9e de six mois (6)) et l\u2019Abonnement Or (d\u2019une dur\u00e9e d\u2019un an (1)).<\/p><p style=\"text-align: justify;\">L\u2019ensemble des informations fournies par l\u2019Utilisateur \u00e0 Ranjana Voyance pour la cr\u00e9ation d\u2019un compte est confidentiel. Ranjana Voyance s\u2019engage \u00e0 conserver secr\u00e8tes toutes les informations communiqu\u00e9es par l\u2019Utilisateur et \u00e0 ne les divulguer \u00e0 personne.<\/p><p style=\"text-align: justify;\">En cas d\u2019usurpation ou de floutage d\u2019identit\u00e9 (cr\u00e9ation de plusieurs comptes, vol du compte d\u2019un Utilisateur), Ranjana Voyance ne peut en aucun cas \u00eatre tenue responsable. Tout acc\u00e8s ou action effectu\u00e9s \u00e0 partir du Compte d\u2019un Utilisateur est pr\u00e9sum\u00e9 \u00eatre effectu\u00e9 par cet Utilisateur. Ranjana Voyance ne dispose pas des moyens techniques pour v\u00e9rifier l\u2019identit\u00e9 des personnes qui utilise le Site \u00e0 partir d\u2019un Compte. N\u00e9anmoins, l\u2019Utilisateur peut en avertir Ranjana Voyance via le formulaire de contact.<\/p><p style=\"text-align: justify;\"><strong>Article 5 \u2013 Obligations des Utilisateurs<\/strong><\/p><p style=\"text-align: justify;\">Dans le cadre de l\u2019utilisation du Site, chaque Utilisateur s\u2019engage \u00e0 respecter les pr\u00e9sentes obligations\u00a0:<\/p><ul style=\"text-align: justify;\"><li>Se comporter de fa\u00e7on loyale \u00e0 l\u2019\u00e9gard de Ranjana Voyance\u00a0:<\/li><li>Rester courtois dans ses \u00e9changes ;<\/li><li>\u00catre honn\u00eate dans les informations qu\u2019il fournit \u00e0 Ranjana Voyance\u00a0;<\/li><li>Respecter les droits de propri\u00e9t\u00e9 intellectuelle et industrielle de Ranjana Voyance portant sur les \u00e9l\u00e9ments du Site, le contenu des Services et les Articles\/Produits re\u00e7us\u00a0;<\/li><li>Ne pas chercher \u00e0 porter atteinte aux sens des articles 323-1 et suivants du Code P\u00e9nal aux syst\u00e8mes de traitements automatis\u00e9s de donn\u00e9es mis en \u0153uvre sur le Site\u00a0;<\/li><li>Ne pas utiliser le Site pour envoyer massivement des messages non sollicit\u00e9s (publicitaires ou autres)\u00a0;<\/li><li>Ne pas utiliser le formulaire de contact pour envoyer des messages de menace ou \u00e0 caract\u00e8re injurieux, diffamatoire, raciste et portant atteinte \u00e0 l\u2019honneur et l\u2019int\u00e9grit\u00e9 de Ranjana Le P\u00e9choux, ou encore \u00e0 caract\u00e8re commercial\u00a0;<\/li><\/ul><p style=\"text-align: justify;\">En cas de violation des pr\u00e9sentes dispositions ou des lois et r\u00e8glements en vigueur, ainsi que d\u2019absence de coop\u00e9ration, Ranjana Voyance se r\u00e9serve le droit de supprimer le Compte de l\u2019Utilisateur ou de porter aux tribunaux comp\u00e9tents l\u2019objet du contentieux.<\/p><p style=\"text-align: justify;\"><strong>Article 6 \u2013 Obligations de Ranjana Voyance<\/strong><\/p><p style=\"text-align: justify;\">L\u2019obligation de Ranjana Voyance est une obligation de moyens.<\/p><p style=\"text-align: justify;\">Ranjana Voyance s\u2019engage \u00e0 permettre l\u2019acc\u00e8s \u00e0 son Site en permanence, sauf en cas de maintenance du Site ou cas de force majeure.<\/p><p style=\"text-align: justify;\">Ranjana Voyance d\u00e9cline alors toute responsabilit\u00e9 en cas d\u2019impossibilit\u00e9 d\u2019acc\u00e9der temporairement au Site (probl\u00e8me de maintenance ou des r\u00e9seaux de transmission), en cas d\u2019attaques virales ou d\u2019intrusions illicites, d\u2019indisponibilit\u00e9 mat\u00e9rielle et en cas de non respect des pr\u00e9sentes CGU par un Utilisateur.<\/p><p style=\"text-align: justify;\">Ranjana Voyance s\u2019engage \u00e9galement \u00e0 prendre un temps consacr\u00e9 \u00e0 la demande de chaque Utilisateur, \u00e0 les traiter avec s\u00e9rieux et \u00e0 r\u00e9aliser son Service et\/ou Article consciencieusement.<\/p><p style=\"text-align: justify;\"><strong>Article 7 \u2013 Maintenance du Site<\/strong><\/p><p style=\"text-align: justify;\">Ranjana Voyance se r\u00e9serve la possibilit\u00e9 en cas de probl\u00e8me technique de suspendre partiellement ou compl\u00e8tement ses services pour r\u00e9soudre les difficult\u00e9s rencontr\u00e9es.<\/p><p style=\"text-align: justify;\"><strong>Article 8 \u2013 R\u00e9clamation<\/strong><\/p><p style=\"text-align: justify;\">En cas de r\u00e9clamation, de quelque nature que ce soit, l\u2019Utilisateur est invit\u00e9 \u00e0 adresser sa requ\u00eate par courriel en prenant contact avec Ranjana Voyance directement via le formulaire de contact, situ\u00e9 au bas de chaque page du Site (onglet \u00ab Contact \u00bb). Les r\u00e9clamations sont trait\u00e9es par Ranjana Voyance dans un d\u00e9lai de trente (30) jours ouvr\u00e9s \u00e0 compter de la r\u00e9ception du message.<\/p><p style=\"text-align: justify;\"><strong>Article 9 \u2013 Gestion des cookies<\/strong><\/p><p style=\"text-align: justify;\">Dans le cadre de l\u2019exploitation du Site, Ranjana Voyance est susceptible de collecter des donn\u00e9es \u00e0 caract\u00e8re personnel de l\u2019Utilisateur, y compris par le biais de Cookies. Ces donn\u00e9es sont n\u00e9cessaires \u00e0 la gestion du Site. Les Utilisateurs peuvent les refuser en suivant les instructions fournies par leur navigateur.<\/p><p style=\"text-align: justify;\"><strong>Article 10 \u2013 Protection des donn\u00e9es<\/strong><\/p><p style=\"text-align: justify;\">Ranjana Voyance se r\u00e9serve le droit de collecter les informations nominatives et certaines donn\u00e9es personnelles concernant le Client. Elles sont n\u00e9cessaires \u00e0 la gestion de sa commande ainsi qu\u2019\u00e0 l\u2019am\u00e9lioration des services. Ces informations sont \u00e9galement conserv\u00e9es \u00e0 des fins de s\u00e9curit\u00e9, afin de respecter les obligations l\u00e9gales et r\u00e9glementaires. Conform\u00e9ment \u00e0 la loi du 6 janvier 1978 dite \u00ab\u00a0Informatique et Libert\u00e9s\u00a0\u00bb, l\u2019Utilisateur dispose d\u2019un droit d\u2019acc\u00e8s, de rectification et d\u2019opposition aux informations nominatives et aux donn\u00e9es personnelles le concernant directement sur le Site.<\/p><p style=\"text-align: justify;\">Ces donn\u00e9es, nominatives, ne sont pas transmises \u00e0 des tiers.<\/p><p style=\"text-align: justify;\"><strong>Article 11 \u2013 R\u00e8gles de confidentialit\u00e9<\/strong><\/p><p style=\"text-align: justify;\">L\u2019Utilisateur, tout comme Ranjana Voyance, s\u2019engagent \u00e0 consid\u00e9rer comme confidentiel le partage des documents, images et informations en vue d\u2019effectuer un Service ou d\u2019acheter un Article.<\/p><p style=\"text-align: justify;\">Ranjana Voyance s\u2019engage \u00e0 ne rien divulguer des informations donn\u00e9es par un Client et \u00e0 supprimer automatiquement leur photographie une fois le Service rendu.<\/p><p style=\"text-align: justify;\"><strong>Article 12 \u2013 Langue<\/strong><\/p><p style=\"text-align: justify;\">Les pr\u00e9sentes conditions g\u00e9n\u00e9rales d\u2019utilisation, les conditions g\u00e9n\u00e9rales de vente et les mentions l\u00e9gales de ce Site sont r\u00e9dig\u00e9es en langue fran\u00e7aise. Dans le cas o\u00f9 elles seraient traduites en une ou plusieurs langues \u00e9trang\u00e8res, seuls les textes en fran\u00e7ais feraient foi en cas de litige.<\/p><p style=\"text-align: justify;\"><strong>Article 13 \u2013 Les litiges<\/strong><\/p><p style=\"text-align: justify;\">Chaque litige peut \u00eatre r\u00e9gl\u00e9 \u00e0 l\u2019amiable en prenant contact avec Ranjana Voyance via le formulaire de contact. Si le diff\u00e9rend subsiste et ne peut \u00eatre r\u00e9gl\u00e9 par cette voie, le conflit sera port\u00e9 aux juridictions fran\u00e7aises comp\u00e9tentes.<\/p>\t\t\t\t\t\t<\/div>\n\t\t\t\t<\/div>\n\t\t\t\t\t<\/div>\n\t\t<\/div>\n\t\t\t\t\t<\/div>\n\t\t<\/section>\n\t\t\t\t<\/div>\n\t\t","protected":false},"excerpt":{"rendered":"<p>Conditions G\u00e9n\u00e9rales d&#8217;Utilisation Toute navigation et utilisation du Site Ranjana Voyance implique l\u2019acceptation pr\u00e9alable des Conditions G\u00e9n\u00e9rales d\u2019Utilisation indiqu\u00e9es ci-apr\u00e8s. Ranjana Voyance est site web cr\u00e9e sur WordPress et h\u00e9berg\u00e9 par OVH, accessible \u00e0 l\u2019adresse suivante\u00a0: www.ranjana-voyance.fr Micro-entreprise d\u00e9velopp\u00e9e par Ranjana Le P\u00e9choux et immatricul\u00e9e \u00ab\u00a0en cours d\u2019immatriculation\u00a0\u00bb, Ranjana Voyance commercialise des services de cartomancie [&hellip;]<\/p>\n","protected":false},"author":1,"featured_media":0,"parent":0,"menu_order":0,"comment_status":"closed","ping_status":"closed","template":"","meta":{"site-sidebar-layout":"no-sidebar","site-content-layout":"page-builder","ast-site-content-layout":"","site-content-style":"default","site-sidebar-style":"default","ast-global-header-display":"","ast-banner-title-visibility":"","ast-main-header-display":"","ast-hfb-above-header-display":"","ast-hfb-below-header-display":"","ast-hfb-mobile-header-display":"","site-post-title":"disabled","ast-breadcrumbs-content":"","ast-featured-img":"disabled","footer-sml-layout":"","theme-transparent-header-meta":"","adv-header-id-meta":"","stick-header-meta":"","header-above-stick-meta":"","header-main-stick-meta":"","header-below-stick-meta":"","astra-migrate-meta-layouts":"default","ast-page-background-enabled":"default","ast-page-background-meta":{"desktop":{"background-color":"var(--ast-global-color-4)","background-image":"","background-repeat":"repeat","background-position":"center center","background-size":"auto","background-attachment":"scroll","background-type":"","background-media":"","overlay-type":"","overlay-color":"","overlay-gradient":""},"tablet":{"background-color":"","background-image":"","background-repeat":"repeat","background-position":"center center","background-size":"auto","background-attachment":"scroll","background-type":"","background-media":"","overlay-type":"","overlay-color":"","overlay-gradient":""},"mobile":{"background-color":"","background-image":"","background-repeat":"repeat","background-position":"center center","background-size":"auto","background-attachment":"scroll","background-type":"","background-media":"","overlay-type":"","overlay-color":"","overlay-gradient":""}},"ast-content-background-meta":{"desktop":{"background-color":"var(--ast-global-color-5)","background-image":"","background-repeat":"repeat","background-position":"center center","background-size":"auto","background-attachment":"scroll","background-type":"","background-media":"","overlay-type":"","overlay-color":"","overlay-gradient":""},"tablet":{"background-color":"var(--ast-global-color-5)","background-image":"","background-repeat":"repeat","background-position":"center center","background-size":"auto","background-attachment":"scroll","background-type":"","background-media":"","overlay-type":"","overlay-color":"","overlay-gradient":""},"mobile":{"background-color":"var(--ast-global-color-5)","background-image":"","background-repeat":"repeat","background-position":"center center","background-size":"auto","background-attachment":"scroll","background-type":"","background-media":"","overlay-type":"","overlay-color":"","overlay-gradient":""}},"footnotes":""},"class_list":["post-839","page","type-page","status-publish","hentry"],"aioseo_notices":[],"jetpack_sharing_enabled":true,"_links":{"self":[{"href":"https:\/\/ranjana-voyance.fr\/index.php\/wp-json\/wp\/v2\/pages\/839","targetHints":{"allow":["GET"]}}],"collection":[{"href":"https:\/\/ranjana-voyance.fr\/index.php\/wp-json\/wp\/v2\/pages"}],"about":[{"href":"https:\/\/ranjana-voyance.fr\/index.php\/wp-json\/wp\/v2\/types\/page"}],"author":[{"embeddable":true,"href":"https:\/\/ranjana-voyance.fr\/index.php\/wp-json\/wp\/v2\/users\/1"}],"replies":[{"embeddable":true,"href":"https:\/\/ranjana-voyance.fr\/index.php\/wp-json\/wp\/v2\/comments?post=839"}],"version-history":[{"count":18,"href":"https:\/\/ranjana-voyance.fr\/index.php\/wp-json\/wp\/v2\/pages\/839\/revisions"}],"predecessor-version":[{"id":1273,"href":"https:\/\/ranjana-voyance.fr\/index.php\/wp-json\/wp\/v2\/pages\/839\/revisions\/1273"}],"wp:attachment":[{"href":"https:\/\/ranjana-voyance.fr\/index.php\/wp-json\/wp\/v2\/media?parent=839"}],"curies":[{"name":"wp","href":"https:\/\/api.w.org\/{rel}","templated":true}]}}