{"id":833,"date":"2022-08-04T19:25:15","date_gmt":"2022-08-04T17:25:15","guid":{"rendered":"https:\/\/ranjana-voyance.fr\/?page_id=833"},"modified":"2022-08-17T01:33:20","modified_gmt":"2022-08-16T23:33:20","slug":"conditions-generales-de-ventes","status":"publish","type":"page","link":"https:\/\/ranjana-voyance.fr\/index.php\/conditions-generales-de-ventes\/","title":{"rendered":"Conditions g\u00e9n\u00e9rales de ventes"},"content":{"rendered":"\t\t<div data-elementor-type=\"wp-page\" data-elementor-id=\"833\" class=\"elementor elementor-833\">\n\t\t\t\t\t\t<section class=\"elementor-section elementor-top-section elementor-element elementor-element-215a3e3 elementor-section-boxed elementor-section-height-default elementor-section-height-default\" data-id=\"215a3e3\" data-element_type=\"section\">\n\t\t\t\t\t\t<div class=\"elementor-container elementor-column-gap-default\">\n\t\t\t\t\t<div class=\"elementor-column elementor-col-100 elementor-top-column elementor-element elementor-element-cdd9bc9\" data-id=\"cdd9bc9\" data-element_type=\"column\">\n\t\t\t<div class=\"elementor-widget-wrap elementor-element-populated\">\n\t\t\t\t\t\t<div class=\"elementor-element elementor-element-b6d56e0 elementor-widget elementor-widget-heading\" data-id=\"b6d56e0\" data-element_type=\"widget\" data-widget_type=\"heading.default\">\n\t\t\t\t<div class=\"elementor-widget-container\">\n\t\t\t<style>\/*! elementor - v3.20.0 - 26-03-2024 *\/\n.elementor-heading-title{padding:0;margin:0;line-height:1}.elementor-widget-heading .elementor-heading-title[class*=elementor-size-]>a{color:inherit;font-size:inherit;line-height:inherit}.elementor-widget-heading .elementor-heading-title.elementor-size-small{font-size:15px}.elementor-widget-heading .elementor-heading-title.elementor-size-medium{font-size:19px}.elementor-widget-heading .elementor-heading-title.elementor-size-large{font-size:29px}.elementor-widget-heading .elementor-heading-title.elementor-size-xl{font-size:39px}.elementor-widget-heading .elementor-heading-title.elementor-size-xxl{font-size:59px}<\/style><h2 class=\"elementor-heading-title elementor-size-large\">Conditions G\u00e9n\u00e9rales de Ventes<\/h2>\t\t<\/div>\n\t\t\t\t<\/div>\n\t\t\t\t<div class=\"elementor-element elementor-element-687edf5 elementor-widget elementor-widget-text-editor\" data-id=\"687edf5\" data-element_type=\"widget\" data-widget_type=\"text-editor.default\">\n\t\t\t\t<div class=\"elementor-widget-container\">\n\t\t\t<style>\/*! elementor - v3.20.0 - 26-03-2024 *\/\n.elementor-widget-text-editor.elementor-drop-cap-view-stacked .elementor-drop-cap{background-color:#69727d;color:#fff}.elementor-widget-text-editor.elementor-drop-cap-view-framed .elementor-drop-cap{color:#69727d;border:3px solid;background-color:transparent}.elementor-widget-text-editor:not(.elementor-drop-cap-view-default) .elementor-drop-cap{margin-top:8px}.elementor-widget-text-editor:not(.elementor-drop-cap-view-default) .elementor-drop-cap-letter{width:1em;height:1em}.elementor-widget-text-editor .elementor-drop-cap{float:left;text-align:center;line-height:1;font-size:50px}.elementor-widget-text-editor .elementor-drop-cap-letter{display:inline-block}<\/style>\t\t\t\t<p style=\"text-align: center;\"><strong>Toute commande effectu\u00e9e aupr\u00e8s de Ranjana Voyance implique l\u2019acceptation pr\u00e9alable des Conditions G\u00e9n\u00e9rales de Vente indiqu\u00e9es ci-apr\u00e8s.<\/strong><\/p><p style=\"text-align: center;\"><strong>ARTICLES PHYSIQUES<\/strong><\/p><p style=\"text-align: justify;\"><strong>Article 1 \u2013 Objet et propri\u00e9t\u00e9 intellectuelle<\/strong><\/p><p style=\"text-align: justify;\">Les pr\u00e9sentes conditions r\u00e9gissent les relations contractuelles entre Ranjana Voyance, num\u00e9ro de SIRET \u00ab\u00a0en cours d\u2019immatriculation\u00a0\u00bb, dont le si\u00e8ge social est situ\u00e9 au 58 avenue Corot 13013 (MARSEILLE), cartomancienne et cr\u00e9atrice d\u2019amulettes, et la personne proc\u00e9dant \u00e0 l\u2019achat de produits, d\u00e9fini comme le Client ou le Consultant du site www.ranjana-voyance.fr.<\/p><p style=\"text-align: justify;\">Le vendeur se r\u00e9serve la possibilit\u00e9 de modifier les conditions g\u00e9n\u00e9rales de vente (CGV) \u00e0 tout moment par la publication d\u2019une nouvelle version sur son site internet. Les CGV applicables sont celles \u00e9tant en vigueur au moment de la validation de la commande.<\/p><p style=\"text-align: justify;\">Toutes les amulettes pr\u00e9sent\u00e9es sur le site Ranjana Voyance sont la propri\u00e9t\u00e9 de Ranjana Le P\u00e9choux. Elles sont prot\u00e9g\u00e9es au titre de droits d\u2019auteur et de la propri\u00e9t\u00e9 intellectuelle. Toute contrefa\u00e7on ou reproduction est passible de poursuites judiciaires. Toute utilisation ou reproduction des textes, commentaires, photographies et articles pr\u00e9sents sur ce site sont strictement interdites (Code de la Propri\u00e9t\u00e9 Intellectuelle).<\/p><p style=\"text-align: justify;\"><strong>Article 2 \u2013 Produits<\/strong><\/p><p style=\"text-align: justify;\">Les articles sont confectionn\u00e9s par Ranjana Voyance \u00e0 la main et en pi\u00e8ce unique. De ce fait, ils peuvent pr\u00e9senter des irr\u00e9gularit\u00e9s ou quelques diff\u00e9rences de taille, de couleur ou de constituants (charmes, breloques,&#8230;) d\u2019une pi\u00e8ce \u00e0 l\u2019autre. Les photos des articles pr\u00e9sent\u00e9s ne sont d\u2019ailleurs pas contractuelles. Un descriptif pr\u00e9sente un article-type mais chaque article est personnalis\u00e9.<\/p><p style=\"text-align: justify;\"><strong>Article 3 \u2013 Tarifs<\/strong><\/p><p style=\"text-align: justify;\">Le tarif des articles est indiqu\u00e9 en euros toutes taxes comprises.<\/p><p style=\"text-align: justify;\">Les tarifs sont valables uniquement au jour o\u00f9 la commande est valid\u00e9e. Ranjana Voyance se r\u00e9serve le droit de modifier ses tarifs \u00e0 tout moment. L\u2019article sera factur\u00e9 sur la base du tarif en vigueur au moment de la validation de la commande.<\/p><p style=\"text-align: justify;\">Les articles demeurent la propri\u00e9t\u00e9 de Ranjana Voyance jusqu\u2019au paiement complet de la commande.<\/p><p style=\"text-align: justify;\"><strong>Article 4 \u2013 Commande<\/strong><\/p><p style=\"text-align: justify;\">Chaque article vendu sur le site Ranjana Voyance est un article unique. Il est confectionn\u00e9 \u00e0 la main et peut donc pr\u00e9senter des variations avec un article similaire.<\/p><p style=\"text-align: justify;\">Ranjana Voyance r\u00e9alise les articles sur commande afin de confectionner des articles personnalis\u00e9s, r\u00e9alis\u00e9s au plus pr\u00e8s des intentions des clients.<\/p><p style=\"text-align: justify;\">Habituellement, les articles sont confectionn\u00e9s dans un d\u00e9lai de quinze (15) jours ouvr\u00e9s apr\u00e8s la validation de la commande. Ce d\u00e9lai ne prend pas en compte le temps de livraison qui s\u2019ajoute ensuite, une fois la commande exp\u00e9di\u00e9e.<\/p><p style=\"text-align: justify;\">Cependant, selon le nombre de commandes enregistr\u00e9es et \u00e0 certaines p\u00e9riodes de l\u2019ann\u00e9e, les d\u00e9lais de fabrication peuvent \u00eatre allong\u00e9s. Ces informations seront communiqu\u00e9es au pr\u00e9alable lors de la validation de la commande.<\/p><p style=\"text-align: justify;\">Pour les articles nomm\u00e9s \u00ab En stock \u00bb, une fois la commande valid\u00e9e, ils sont pr\u00e9par\u00e9s et exp\u00e9di\u00e9s dans un d\u00e9lai de sept (7) jours ouvr\u00e9s maximum.<\/p><p style=\"text-align: justify;\">La confirmation de la commande vaudra signature et acceptation des CGV.<\/p><p style=\"text-align: justify;\">Une fois la commande valid\u00e9e, le client re\u00e7oit par mail un accus\u00e9 de r\u00e9ception, comprenant un r\u00e9capitulatif des informations de sa commande, qui vaut pour bon de commande et de fabrication aupr\u00e8s de Ranjana Voyance.<\/p><p style=\"text-align: justify;\">Ranjana Voyance\u00a0se r\u00e9serve la possibilit\u00e9 de refuser une commande, par exemple pour toute demande anormale, r\u00e9alis\u00e9e de mauvaise foi ou pour tout motif l\u00e9gitime. De m\u00eame, Ranjana Voyance\u00a0se r\u00e9serve le droit de ne pas enregistrer un paiement et de ne pas confirmer une commande en cas de probl\u00e8me d\u2019approvisionnement des mati\u00e8res premi\u00e8res n\u00e9cessaires \u00e0 la fabrication des articles.<\/p><p style=\"text-align: justify;\"><strong>Article 5 \u2013 R\u00e8glement<\/strong><\/p><p style=\"text-align: justify;\">La validation de la commande entra\u00eene l\u2019obligation de payer le prix indiqu\u00e9. Le paiement est exigible imm\u00e9diatement \u00e0 la commande.<\/p><p style=\"text-align: justify;\">Le r\u00e8glement des Produits et\/ou Articles s\u2019effectue par virement bancaire, par carte bancaire gr\u00e2ce au syst\u00e8me s\u00e9curis\u00e9 Stripe cryptant vos donn\u00e9es ou via Paypal. L\u2019acheteur n\u2019est pas oblig\u00e9 d\u2019avoir un compte Stripe \u00a0pour effectuer le r\u00e8glement.<\/p><p style=\"text-align: justify;\">Dans le cadre d\u2019un paiement par virement bancaire, le traitement de la commande sera plus long et valid\u00e9 seulement \u00e0 r\u00e9ception du paiement. En l\u2019attente du r\u00e8glement, les articles \u00ab En stock \u00bb seront r\u00e9serv\u00e9s \u00e0 l\u2019acheteur pendant sept (7) jours calendaires maximum. Au bout de huit (8) jours sans r\u00e9ception du r\u00e8glement, les articles seront remis en vente et la commande annul\u00e9e.<\/p><p style=\"text-align: justify;\">Une fois le paiement lanc\u00e9 par le client, la transaction est imm\u00e9diatement d\u00e9bit\u00e9e apr\u00e8s v\u00e9rification des informations. Comme le dispose le Code mon\u00e9taire et financier, l\u2019engagement de payer par carte est irr\u00e9vocable. En communiquant ses informations bancaires lors de la vente, le client autorise Ranjana Voyance \u00e0 d\u00e9biter sa carte du montant relatif au tarif indiqu\u00e9. Le client confirme qu\u2019il est bien le titulaire l\u00e9gal de la carte \u00e0 d\u00e9biter et qu\u2019il est l\u00e9galement en droit d\u2019en faire usage. En cas d\u2019erreur, ou d\u2019impossibilit\u00e9 de d\u00e9biter la carte, la commande sera annul\u00e9e.<\/p><p style=\"text-align: justify;\">Pour les paiements effectu\u00e9s via Paypal ou Stripe, les frais bancaires sont inclus dans le prix.<\/p><p style=\"text-align: justify;\"><strong>Article 6 \u2013 Livraison<\/strong><\/p><p style=\"text-align: justify;\">Les articles sont livr\u00e9s \u00e0 l\u2019addresse indiqu\u00e9e par le client lors de la validation de sa commande.<\/p><p style=\"text-align: justify;\">Selon le poids et\/ou l\u2019article, l\u2019exp\u00e9dition se fait par la Poste, en lettre suivie ou colissimo. La livraison est incluse dans le prix du Produit.<\/p><p style=\"text-align: justify;\">Le client peut choisir le mode d\u2019envoi qu\u2019il souhaite au moment de la validation de sa commande. Les frais de port comprennent les frais de pr\u00e9paration du paquet ainsi que les frais de port du prestataire de transport.<\/p><p style=\"text-align: justify;\">Ranjana Voyance d\u00e9cline toute responsabilit\u00e9 quant \u00e0 l\u2019allongement des d\u00e9lais de livraison du fait du transporteur, notamment en cas de perte des produits, d\u2019intemp\u00e9ries ou de gr\u00e8ve.<\/p><p style=\"text-align: justify;\">Les articles en stock seront exp\u00e9di\u00e9s dans un d\u00e9lai de sept (7) jours ouvr\u00e9s maximum apr\u00e8s validation de la commande. Pour les articles personnalis\u00e9s, les d\u00e9lais peuvent \u00eatre plus longs, comptant le temps de confection puis d\u2019exp\u00e9dition.<\/p><p style=\"text-align: justify;\"><strong>Article 7 \u2013 Modalit\u00e9s de remboursement<\/strong><\/p><p style=\"text-align: justify;\">Selon le Code de la Consommation, vous disposez d\u2019un d\u00e9lai de r\u00e9tractation de quatorze (14) jours \u00e0 compter de la r\u00e9ception de vos articles pour exercer votre droit de r\u00e9tractation sans avoir \u00e0 justifier de motifs ni \u00e0 payer de p\u00e9nalit\u00e9.<\/p><p style=\"text-align: justify;\">Les retours sont \u00e0 effectuer dans leur \u00e9tat d\u2019origine et complets (emballage, accessoires, etc). Dans ce cadre, votre responsabilit\u00e9 est engag\u00e9e. Tout dommage subi par le produit \u00e0 cette occasion peut \u00eatre de nature \u00e0 faire \u00e9chec au droit de r\u00e9tractation.<\/p><p style=\"text-align: justify;\">Les frais de retour sont \u00e0 votre charge.<\/p><p style=\"text-align: justify;\">En cas d\u2019exercices du droit de r\u00e9tractation, Ranjana Voyance proc\u00e9dera au remboursement des sommes vers\u00e9es, dans un d\u00e9lai de quatorze (14) jours suivant la notification de votre demande, moins les commissions des diff\u00e9rents organismes bancaire (Stripe et Paypal).<\/p><p style=\"text-align: justify;\"><strong>CE DROIT DE R\u00c9TRACTATION N\u2019EST PAS APPLICABLE POUR LES ARTICLES PERSONNALIS\u00c9S, CR\u00c9\u00c9S EXCLUSIVEMENT POUR LE CLIENT<\/strong>.<\/p><p style=\"text-align: justify;\">Ces articles ne seront alors ni rembours\u00e9s, ni \u00e9chang\u00e9s.<\/p><p style=\"text-align: justify;\">Toute demande de retour devra \u00eatre notifi\u00e9e via le formulaire de contact disponible sur le site Ranjana Voyance.<\/p><p style=\"text-align: justify;\"><strong>Article 8 \u2013 Responsabilit\u00e9<\/strong><\/p><p style=\"text-align: justify;\">Les articles propos\u00e9s sont confectionn\u00e9s \u00e0 la main et sont conformes \u00e0 la l\u00e9gislation fran\u00e7aise en vigueur.<\/p><p style=\"text-align: justify;\">Ranjana Voyance\u00a0ne saurait \u00eatre tenue pour responsable des dommages r\u00e9sultant d\u2019une mauvaise utilisation, en cas de contact avec des produits corrosifs pour les mat\u00e9riaux dont est constitu\u00e9 l\u2019article (parfums, laque, eau de piscine, eau de mer\u2026)<\/p><p style=\"text-align: justify;\"><strong>Article 9 \u2013 Droit applicable en cas de litiges<\/strong><\/p><p style=\"text-align: justify;\">Les pr\u00e9sentes conditions de vente sont soumises \u00e0 la loi fran\u00e7aise. En cas de litige, les tribunaux fran\u00e7ais seront les seuls comp\u00e9tents.<\/p><p style=\"text-align: justify;\"><strong>Article 10 \u2013 Archivage et preuve<\/strong><\/p><p style=\"text-align: justify;\">Ranjana Voyance\u00a0archivera les bons de commandes et les factures sur un support fiable et durable constituant une copie fid\u00e8le conform\u00e9ment aux dispositions de l\u2019article 1348 du Code Civil.<\/p><p style=\"text-align: justify;\">Les registres informatis\u00e9s de Ranjana Voyance seront consid\u00e9r\u00e9s par toutes les parties concern\u00e9es comme preuve des communications, commandes, paiements et transactions intervenus entre les parties.<\/p><p style=\"text-align: center;\">PRESTATIONS DE SERVICES<\/p><p style=\"text-align: justify;\"><strong>Article 1 \u2013 Champ d\u2019application<\/strong><\/p><p style=\"text-align: justify;\">Concernant les prestations de services, les pr\u00e9sentes conditions g\u00e9n\u00e9rales de vente s\u2019appliquent aux services de voyance et cartomancie. L\u2019acheteur d\u00e9clare avoir pris connaissance des pr\u00e9sentes conditions g\u00e9n\u00e9rales de vente et les avoir accept\u00e9es avant de passer commande.<\/p><p style=\"text-align: justify;\"><strong>Article 2 \u2013 Pr\u00e9sentation des services<\/strong><\/p><p style=\"text-align: justify;\">Sont accessibles \u00e0 l\u2019acheteur les informations suivantes\u00a0:<\/p><ul style=\"text-align: justify;\"><li>Les caract\u00e9ristiques essentielles des services propos\u00e9s\u00a0;<\/li><li>Le prix du service\u00a0;<\/li><li>La date ou le d\u00e9lai auquel Ranjana Voyance s\u2019engage \u00e0 ex\u00e9cuter le service (date pour les r\u00e9servations de consultation \u2013 d\u00e9lai de trois (3) jours ouvr\u00e9s pour la commande de tirages par mail).<\/li><\/ul><p style=\"text-align: justify;\"><strong>Article 3 \u2013 Commande et r\u00e9servations<\/strong><\/p><p style=\"text-align: justify;\">Toute commande d\u2019un tirage (Cat\u00e9gorie \u00ab\u00a0Tirage\u00a0\u00bb) est r\u00e9put\u00e9e ferme et d\u00e9finitive. Elle entra\u00eene l\u2019adh\u00e9sion et l\u2019acceptation pleine et enti\u00e8re des pr\u00e9sentes conditions g\u00e9n\u00e9rales de vente et obligation de paiements des services command\u00e9s. En cas de non-paiement, la commande sera annul\u00e9e.<\/p><p style=\"text-align: justify;\">En ce qui concerne les r\u00e9servations (Cat\u00e9gorie \u00ab\u00a0Consultation\u00a0\u00bb), le client paie d\u00e8s la prise de rendez-vous. Il peut reprogrammer sa date ou l\u2019annuler. Dans ce second cas, il pourra demander un remboursement en contactant directement Ranjana Le P\u00e9choux via le formulaire de contact disponible sur le Site. Il sera alors rembours\u00e9 int\u00e9gralement s\u2019il s\u2019agissait d\u2019un virement bancaire ou d\u2019un paiement via Paypal, ou moins les frais bancaires appliqu\u00e9s par Stripe s\u2019il s\u2019agissait d\u2019un paiement par carte bancaire.<\/p><p style=\"text-align: justify;\"><strong>Article 4 \u2013 Tarifs<\/strong><\/p><p style=\"text-align: justify;\">Les tarifs sont valables uniquement au jour o\u00f9 la commande est valid\u00e9e. Ranjana Voyance se r\u00e9serve le droit de modifier ses tarifs \u00e0 tout moment. Les prix sont exprim\u00e9s en euros.<\/p><p style=\"text-align: justify;\"><strong>Article 5 \u2013 Propri\u00e9t\u00e9 intellectuelle<\/strong><\/p><p style=\"text-align: justify;\">Tous les documents techniques, \u00e9crits, produits, dessins, photographies, remis aux acheteurs demeurent la propri\u00e9t\u00e9 exclusive de Ranjana Le P\u00e9choux, seule titulaire des droits de propri\u00e9t\u00e9 intellectuelle sur ces documents. Ils n\u2019ont pas vocation \u00e0 devenir public\u00a0: le Client s\u2019engage \u00e0 ne faire aucun usage de ces documents et \u00e0 ne les divulguer \u00e0 aucun tiers. Dans le cas contraire, il porterait atteinte aux droits de propri\u00e9t\u00e9 industrielle et\/ou intellectuelle de Ranjana Voyance.<\/p><p style=\"text-align: justify;\"><strong>Article 6 \u2013 Droits applicables en cas de litige<\/strong><\/p><p style=\"text-align: justify;\">Les pr\u00e9sentes conditions de vente sont soumises \u00e0 la loi fran\u00e7aise. En cas de litige qui n\u2019aurait pu \u00eatre r\u00e9solu \u00e0 l\u2019amiable entre Ranjana Voyance et le Client seront soumis aux tribunaux fran\u00e7ais comp\u00e9tents.<\/p>\t\t\t\t\t\t<\/div>\n\t\t\t\t<\/div>\n\t\t\t\t\t<\/div>\n\t\t<\/div>\n\t\t\t\t\t<\/div>\n\t\t<\/section>\n\t\t\t\t<\/div>\n\t\t","protected":false},"excerpt":{"rendered":"<p>Conditions G\u00e9n\u00e9rales de Ventes Toute commande effectu\u00e9e aupr\u00e8s de Ranjana Voyance implique l\u2019acceptation pr\u00e9alable des Conditions G\u00e9n\u00e9rales de Vente indiqu\u00e9es ci-apr\u00e8s. ARTICLES PHYSIQUES Article 1 \u2013 Objet et propri\u00e9t\u00e9 intellectuelle Les pr\u00e9sentes conditions r\u00e9gissent les relations contractuelles entre Ranjana Voyance, num\u00e9ro de SIRET \u00ab\u00a0en cours d\u2019immatriculation\u00a0\u00bb, dont le si\u00e8ge social est situ\u00e9 au 58 avenue [&hellip;]<\/p>\n","protected":false},"author":1,"featured_media":0,"parent":0,"menu_order":0,"comment_status":"closed","ping_status":"closed","template":"","meta":{"site-sidebar-layout":"no-sidebar","site-content-layout":"page-builder","ast-site-content-layout":"","site-content-style":"default","site-sidebar-style":"default","ast-global-header-display":"","ast-banner-title-visibility":"","ast-main-header-display":"","ast-hfb-above-header-display":"","ast-hfb-below-header-display":"","ast-hfb-mobile-header-display":"","site-post-title":"disabled","ast-breadcrumbs-content":"","ast-featured-img":"disabled","footer-sml-layout":"","theme-transparent-header-meta":"","adv-header-id-meta":"","stick-header-meta":"","header-above-stick-meta":"","header-main-stick-meta":"","header-below-stick-meta":"","astra-migrate-meta-layouts":"default","ast-page-background-enabled":"default","ast-page-background-meta":{"desktop":{"background-color":"var(--ast-global-color-4)","background-image":"","background-repeat":"repeat","background-position":"center center","background-size":"auto","background-attachment":"scroll","background-type":"","background-media":"","overlay-type":"","overlay-color":"","overlay-gradient":""},"tablet":{"background-color":"","background-image":"","background-repeat":"repeat","background-position":"center center","background-size":"auto","background-attachment":"scroll","background-type":"","background-media":"","overlay-type":"","overlay-color":"","overlay-gradient":""},"mobile":{"background-color":"","background-image":"","background-repeat":"repeat","background-position":"center center","background-size":"auto","background-attachment":"scroll","background-type":"","background-media":"","overlay-type":"","overlay-color":"","overlay-gradient":""}},"ast-content-background-meta":{"desktop":{"background-color":"var(--ast-global-color-5)","background-image":"","background-repeat":"repeat","background-position":"center center","background-size":"auto","background-attachment":"scroll","background-type":"","background-media":"","overlay-type":"","overlay-color":"","overlay-gradient":""},"tablet":{"background-color":"var(--ast-global-color-5)","background-image":"","background-repeat":"repeat","background-position":"center center","background-size":"auto","background-attachment":"scroll","background-type":"","background-media":"","overlay-type":"","overlay-color":"","overlay-gradient":""},"mobile":{"background-color":"var(--ast-global-color-5)","background-image":"","background-repeat":"repeat","background-position":"center center","background-size":"auto","background-attachment":"scroll","background-type":"","background-media":"","overlay-type":"","overlay-color":"","overlay-gradient":""}},"footnotes":""},"class_list":["post-833","page","type-page","status-publish","hentry"],"aioseo_notices":[],"jetpack_sharing_enabled":true,"_links":{"self":[{"href":"https:\/\/ranjana-voyance.fr\/index.php\/wp-json\/wp\/v2\/pages\/833","targetHints":{"allow":["GET"]}}],"collection":[{"href":"https:\/\/ranjana-voyance.fr\/index.php\/wp-json\/wp\/v2\/pages"}],"about":[{"href":"https:\/\/ranjana-voyance.fr\/index.php\/wp-json\/wp\/v2\/types\/page"}],"author":[{"embeddable":true,"href":"https:\/\/ranjana-voyance.fr\/index.php\/wp-json\/wp\/v2\/users\/1"}],"replies":[{"embeddable":true,"href":"https:\/\/ranjana-voyance.fr\/index.php\/wp-json\/wp\/v2\/comments?post=833"}],"version-history":[{"count":42,"href":"https:\/\/ranjana-voyance.fr\/index.php\/wp-json\/wp\/v2\/pages\/833\/revisions"}],"predecessor-version":[{"id":1280,"href":"https:\/\/ranjana-voyance.fr\/index.php\/wp-json\/wp\/v2\/pages\/833\/revisions\/1280"}],"wp:attachment":[{"href":"https:\/\/ranjana-voyance.fr\/index.php\/wp-json\/wp\/v2\/media?parent=833"}],"curies":[{"name":"wp","href":"https:\/\/api.w.org\/{rel}","templated":true}]}}