{"id":3,"date":"2022-06-13T18:00:21","date_gmt":"2022-06-13T16:00:21","guid":{"rendered":"http:\/\/ranjana-voyance.fr\/?page_id=3"},"modified":"2022-06-18T23:27:57","modified_gmt":"2022-06-18T21:27:57","slug":"politique-de-confidentialite","status":"publish","type":"page","link":"https:\/\/ranjana-voyance.fr\/index.php\/politique-de-confidentialite\/","title":{"rendered":"Mentions L\u00e9gales"},"content":{"rendered":"\t\t<div data-elementor-type=\"wp-page\" data-elementor-id=\"3\" class=\"elementor elementor-3\">\n\t\t\t\t\t\t<section class=\"elementor-section elementor-top-section elementor-element elementor-element-2a553939 elementor-section-boxed elementor-section-height-default elementor-section-height-default\" data-id=\"2a553939\" data-element_type=\"section\">\n\t\t\t\t\t\t<div class=\"elementor-container elementor-column-gap-default\">\n\t\t\t\t\t<div class=\"elementor-column elementor-col-100 elementor-top-column elementor-element elementor-element-78c15a82\" data-id=\"78c15a82\" data-element_type=\"column\">\n\t\t\t<div class=\"elementor-widget-wrap elementor-element-populated\">\n\t\t\t\t\t\t<div class=\"elementor-element elementor-element-ad120a6 elementor-widget elementor-widget-text-editor\" data-id=\"ad120a6\" data-element_type=\"widget\" data-widget_type=\"text-editor.default\">\n\t\t\t\t<div class=\"elementor-widget-container\">\n\t\t\t<style>\/*! elementor - v3.20.0 - 26-03-2024 *\/\n.elementor-widget-text-editor.elementor-drop-cap-view-stacked .elementor-drop-cap{background-color:#69727d;color:#fff}.elementor-widget-text-editor.elementor-drop-cap-view-framed .elementor-drop-cap{color:#69727d;border:3px solid;background-color:transparent}.elementor-widget-text-editor:not(.elementor-drop-cap-view-default) .elementor-drop-cap{margin-top:8px}.elementor-widget-text-editor:not(.elementor-drop-cap-view-default) .elementor-drop-cap-letter{width:1em;height:1em}.elementor-widget-text-editor .elementor-drop-cap{float:left;text-align:center;line-height:1;font-size:50px}.elementor-widget-text-editor .elementor-drop-cap-letter{display:inline-block}<\/style>\t\t\t\t<p><span style=\"background-color: var(--ast-global-color-5); color: var(--ast-global-color-3); font-style: inherit; font-weight: inherit;\">Ranjana Voyance&nbsp;<\/span><br><\/p>\n<p><span style=\"font-style: inherit; font-weight: inherit; background-color: var(--ast-global-color-5); color: var(--ast-global-color-3);\">Conform\u00e9ment aux dispositions des Articles 6-III et 19 de la Loi n\u00b02004-575 du 21 juin 2004 pour la Confiance dans l&#8217;\u00e9conomie num\u00e9rique, dite L.C.E.N., il est port\u00e9 \u00e0 la connaissance des utilisateurs et visiteurs du site ranjana-voyance.fr les pr\u00e9sentes Mentions L\u00e9gales.<\/span><br><\/p>\n<p>Le site Ranjana Voyance est accessible \u00e0 l\u2019adresse suivante : https:\/\/www.ranjana-voyance.fr\/<\/p>\n<p>&nbsp;(ci-apr\u00e8s &#8220;le Site&#8221;). L&#8217;acc\u00e8s et l&#8217;utilisation du Site sont soumis aux pr\u00e9sentes Mentions L\u00e9gales d\u00e9taill\u00e9es ci-dessous ainsi qu&#8217;aux lois et\/ou r\u00e8glements applicables.<\/p>\n<p>La connexion, l&#8217;utilisation et l&#8217;acc\u00e8s \u00e0 ce Site impliquent l&#8217;acceptation int\u00e9grale et sans r\u00e9serve de l&#8217;internaute de toutes les dispositions des pr\u00e9sentes Mentions L\u00e9gales.<\/p>\n<p>&nbsp;<\/p>\n<p>ARTICLE 1 &#8211; INFORMATIONS L\u00c9GALES<\/p>\n<p><br><\/p>\n<p>En vertu de l&#8217;Article 6 de la Loi n\u00b0 2004-575 du 21 juin 2004 pour la confiance dans l&#8217;\u00e9conomie num\u00e9rique, il est pr\u00e9cis\u00e9 dans cet article l&#8217;identit\u00e9 de l\u2019\u00e9diteur de ce Site.<\/p>\n<p>Le Site est \u00e9dit\u00e9 par Ranjana Le P\u00e9choux.<\/p>\n<p>Concernant les utilisateurs du Site (ci-apr\u00e8s les \u00ab Utilisateurs \u00bb), sont consid\u00e9r\u00e9s comme tels tous les internautes qui naviguent, lisent, visionnent et utilisent le site Ranjana-Voyance.<\/p>\n<p>&nbsp;<\/p>\n<p>ARTICLE 2 &#8211; ACCESSIBILIT\u00c9<\/p>\n<p>&nbsp;<\/p>\n<p>Le Site est par principe accessible aux Utilisateurs 24\/24h et 7\/7j, sauf interruption, programm\u00e9e ou non, pour des besoins de maintenance ou en cas de force majeure.<\/p>\n<p>&nbsp;<\/p>\n<p>En cas d&#8217;impossibilit\u00e9 d&#8217;acc\u00e8s au Site, celui-ci s&#8217;engage \u00e0 faire son maximum afin d&#8217;en r\u00e9tablir l&#8217;acc\u00e8s. Le Site ne saurait \u00eatre tenu pour responsable de tout dommage, quelle qu&#8217;en soit la nature, r\u00e9sultant de son indisponibilit\u00e9.<\/p>\n<p>&nbsp;<\/p>\n<p>ARTICLE 3 &#8211; LOI APPLICABLE ET JURIDICTION<\/p>\n<p><br><\/p>\n<p>Les pr\u00e9sentes Mentions L\u00e9gales sont r\u00e9gies par la loi fran\u00e7aise. En cas de diff\u00e9rend et \u00e0 d\u00e9faut d&#8217;accord amiable, le litige sera port\u00e9 devant les tribunaux fran\u00e7ais conform\u00e9ment aux r\u00e8gles de comp\u00e9tence en vigueur.<\/p>\n<p>ARTICLE 4 \u2013 RESPECT DE LA VIE PRIVEE ET DES DONNEES PERSONNELLES<\/p>\n<p>Les donn\u00e9es sont collect\u00e9es dans le but exclusif d&#8217;\u00e9tablir une relation commerciale et professionnelle avec les clients. Les donn\u00e9es \u00e0 caract\u00e8re personnel sont conserv\u00e9es par Ranjana Voyance pendant une p\u00e9riode raisonnable. Au bout de trois ans sans activit\u00e9 sur le compte du client, celui-ci sera d\u00e9finitivement supprim\u00e9.<\/p>\n<p>Si la personne ne fournit pas toutes les informations obligatoires dans les formulaires du Site (*Champs obligatoires), elle ne peut valider le formulaire.<\/p>\n<p>ARTICLE 5 \u2013 DROITS DE REPRODUCTION ET CREDITS PHOTOGRAPHIQUES<\/p>\n<p>L&#8217;ensemble de ce Site rel\u00e8ve de la l\u00e9gislation fran\u00e7aise et internationale sur le droit d&#8217;auteur et la propri\u00e9t\u00e9 intellectuelle. Tous les droits de reproduction sont r\u00e9serv\u00e9s, y compris les repr\u00e9sentations iconographiques et photographiques. La reproduction de tout ou partie de ce site sur un support quel qu&#8217;il soit est formellement interdite, sauf autorisation expresse du directeur de la publication.<\/p>\n<p>Les photographies utilis\u00e9es dans ce site font l&#8217;objet de droits r\u00e9serv\u00e9s. Elles ne peuvent pas \u00eatre utilis\u00e9es ou dupliqu\u00e9es sans l&#8217;autorisation \u00e9crite de Ranjana Le P\u00e9choux.<\/p>\n<p>ARTICLE 6 &#8211; AVIS RELATIF A LA SECURITE<\/p>\n<p>Afin d&#8217;assurer sa s\u00e9curit\u00e9 et de garantir son acc\u00e8s \u00e0 tous, ce site Internet emploie des logiciels pour contr\u00f4ler les flux sur le site, pour identifier les tentatives non autoris\u00e9es de connexion ou de changement de l&#8217;information, ou toute autre initiative pouvant causer d&#8217;autres dommages. Les tentatives non autoris\u00e9es de chargement d&#8217;information, d&#8217;alt\u00e9ration des informations, visant \u00e0 causer un dommage et d&#8217;une mani\u00e8re g\u00e9n\u00e9rale toute atteinte \u00e0 la disponibilit\u00e9 et l&#8217;int\u00e9grit\u00e9 de ce site sont strictement interdites et seront sanctionn\u00e9es par le code p\u00e9nal. Ainsi l&#8217;article 323-1 du code p\u00e9nal pr\u00e9voit que le fait d&#8217;acc\u00e9der ou de se maintenir frauduleusement, dans tout ou partie d&#8217;un syst\u00e8me de traitement automatis\u00e9 de donn\u00e9es (c&#8217;est le cas d&#8217;un site Internet) est puni de deux ans d&#8217;emprisonnement et de 30000 Euros d&#8217;amende. L&#8217;article 323-3 du m\u00eame code pr\u00e9voit que le fait d&#8217;introduire frauduleusement des donn\u00e9es dans un syst\u00e8me de traitement automatis\u00e9 ou de supprimer ou de modifier frauduleusement les donn\u00e9es qu&#8217;il contient est puni de cinq ans d&#8217;emprisonnement et de 75000 Euros d&#8217;amende.<\/p>\n<p><br><\/p>\n<p>ARTICLE 7 &#8211; CONTACT<\/p>\n<p><br><\/p>\n<p>Pour tout signalement de contenus ou d&#8217;activit\u00e9s illicites, l&#8217;Utilisateur peut contacter l&#8217;\u00c9diteur \u00e0 l&#8217;adresse suivante : co&#110;&#116;&#97;&#99;&#x74;&#x40;&#x72;&#x61;&#x6e;ja&#110;&#97;&#45;&#118;&#x6f;&#x79;&#x61;&#x6e;&#x63;e&#46;&#102;&#114;<\/p>\n<p><br><\/p>\n<p>Le site Ranjana Voyance vous souhaite une excellente navigation !<\/p>\n<p><br><\/p>\t\t\t\t\t\t<\/div>\n\t\t\t\t<\/div>\n\t\t\t\t\t<\/div>\n\t\t<\/div>\n\t\t\t\t\t<\/div>\n\t\t<\/section>\n\t\t\t\t<\/div>\n\t\t","protected":false},"excerpt":{"rendered":"<p>Ranjana Voyance&nbsp; Conform\u00e9ment aux dispositions des Articles 6-III et 19 de la Loi n\u00b02004-575 du 21 juin 2004 pour la Confiance dans l&#8217;\u00e9conomie num\u00e9rique, dite L.C.E.N., il est port\u00e9 \u00e0 la connaissance des utilisateurs et visiteurs du site ranjana-voyance.fr les pr\u00e9sentes Mentions L\u00e9gales. Le site Ranjana Voyance est accessible \u00e0 l\u2019adresse suivante : https:\/\/www.ranjana-voyance.fr\/ &nbsp;(ci-apr\u00e8s [&hellip;]<\/p>\n","protected":false},"author":1,"featured_media":0,"parent":0,"menu_order":0,"comment_status":"closed","ping_status":"open","template":"","meta":{"site-sidebar-layout":"default","site-content-layout":"","ast-site-content-layout":"","site-content-style":"default","site-sidebar-style":"default","ast-global-header-display":"","ast-banner-title-visibility":"","ast-main-header-display":"","ast-hfb-above-header-display":"","ast-hfb-below-header-display":"","ast-hfb-mobile-header-display":"","site-post-title":"","ast-breadcrumbs-content":"","ast-featured-img":"","footer-sml-layout":"","theme-transparent-header-meta":"","adv-header-id-meta":"","stick-header-meta":"","header-above-stick-meta":"","header-main-stick-meta":"","header-below-stick-meta":"","astra-migrate-meta-layouts":"default","ast-page-background-enabled":"default","ast-page-background-meta":{"desktop":{"background-color":"var(--ast-global-color-4)","background-image":"","background-repeat":"repeat","background-position":"center center","background-size":"auto","background-attachment":"scroll","background-type":"","background-media":"","overlay-type":"","overlay-color":"","overlay-gradient":""},"tablet":{"background-color":"","background-image":"","background-repeat":"repeat","background-position":"center center","background-size":"auto","background-attachment":"scroll","background-type":"","background-media":"","overlay-type":"","overlay-color":"","overlay-gradient":""},"mobile":{"background-color":"","background-image":"","background-repeat":"repeat","background-position":"center center","background-size":"auto","background-attachment":"scroll","background-type":"","background-media":"","overlay-type":"","overlay-color":"","overlay-gradient":""}},"ast-content-background-meta":{"desktop":{"background-color":"var(--ast-global-color-5)","background-image":"","background-repeat":"repeat","background-position":"center center","background-size":"auto","background-attachment":"scroll","background-type":"","background-media":"","overlay-type":"","overlay-color":"","overlay-gradient":""},"tablet":{"background-color":"var(--ast-global-color-5)","background-image":"","background-repeat":"repeat","background-position":"center center","background-size":"auto","background-attachment":"scroll","background-type":"","background-media":"","overlay-type":"","overlay-color":"","overlay-gradient":""},"mobile":{"background-color":"var(--ast-global-color-5)","background-image":"","background-repeat":"repeat","background-position":"center center","background-size":"auto","background-attachment":"scroll","background-type":"","background-media":"","overlay-type":"","overlay-color":"","overlay-gradient":""}},"footnotes":""},"class_list":["post-3","page","type-page","status-publish","hentry"],"aioseo_notices":[],"jetpack_sharing_enabled":true,"_links":{"self":[{"href":"https:\/\/ranjana-voyance.fr\/index.php\/wp-json\/wp\/v2\/pages\/3","targetHints":{"allow":["GET"]}}],"collection":[{"href":"https:\/\/ranjana-voyance.fr\/index.php\/wp-json\/wp\/v2\/pages"}],"about":[{"href":"https:\/\/ranjana-voyance.fr\/index.php\/wp-json\/wp\/v2\/types\/page"}],"author":[{"embeddable":true,"href":"https:\/\/ranjana-voyance.fr\/index.php\/wp-json\/wp\/v2\/users\/1"}],"replies":[{"embeddable":true,"href":"https:\/\/ranjana-voyance.fr\/index.php\/wp-json\/wp\/v2\/comments?post=3"}],"version-history":[{"count":3,"href":"https:\/\/ranjana-voyance.fr\/index.php\/wp-json\/wp\/v2\/pages\/3\/revisions"}],"predecessor-version":[{"id":216,"href":"https:\/\/ranjana-voyance.fr\/index.php\/wp-json\/wp\/v2\/pages\/3\/revisions\/216"}],"wp:attachment":[{"href":"https:\/\/ranjana-voyance.fr\/index.php\/wp-json\/wp\/v2\/media?parent=3"}],"curies":[{"name":"wp","href":"https:\/\/api.w.org\/{rel}","templated":true}]}}